{"id":43,"date":"2020-09-15T22:06:59","date_gmt":"2020-09-16T02:06:59","guid":{"rendered":"https:\/\/enersos.cl\/?page_id=43"},"modified":"2020-12-10T21:08:45","modified_gmt":"2020-12-11T01:08:45","slug":"equipo","status":"publish","type":"page","link":"https:\/\/enersos.cl\/index.php\/equipo\/","title":{"rendered":"Equipo"},"content":{"rendered":"\n<p><strong>Sebasti\u00e1n Rivera<\/strong> es ingeniero Civil titulado de la Faculta de Ciencias F\u00edsicas y Matem\u00e1ticas de la Universidad de Chile.<\/p>\n\n\n\n<p style=\"font-size:14px\">Con m\u00e1s de 20 a\u00f1os de experiencia, ha trabajado en Chile y Alemania en consultor\u00eda estrat\u00e9gica en distintas \u00e1reas y mercados de las energ\u00edas renovables y eficiencia energ\u00e9tica, atendiendo grandes clientes del sector privado e institucionales.<\/p>\n\n\n\n<div class=\"wp-block-image is-style-default\"><figure class=\"alignright size-large is-resized\"><img loading=\"lazy\" decoding=\"async\" src=\"https:\/\/enersos.cl\/wp-content\/uploads\/2020\/10\/Gaviota-y-Pelicano-3-edited-scaled.jpg\" alt=\"\" class=\"wp-image-187\" width=\"156\" height=\"208\" srcset=\"https:\/\/enersos.cl\/wp-content\/uploads\/2020\/10\/Gaviota-y-Pelicano-3-edited-scaled.jpg 1922w, https:\/\/enersos.cl\/wp-content\/uploads\/2020\/10\/Gaviota-y-Pelicano-3-edited-225x300.jpg 225w, https:\/\/enersos.cl\/wp-content\/uploads\/2020\/10\/Gaviota-y-Pelicano-3-edited-769x1024.jpg 769w, https:\/\/enersos.cl\/wp-content\/uploads\/2020\/10\/Gaviota-y-Pelicano-3-edited-768x1023.jpg 768w, https:\/\/enersos.cl\/wp-content\/uploads\/2020\/10\/Gaviota-y-Pelicano-3-edited-1153x1536.jpg 1153w, https:\/\/enersos.cl\/wp-content\/uploads\/2020\/10\/Gaviota-y-Pelicano-3-edited-1537x2048.jpg 1537w\" sizes=\"auto, (max-width: 156px) 100vw, 156px\" \/><\/figure><\/div>\n\n\n\n<p class=\"has-text-align-left\" style=\"font-size:14px\">As\u00ed mismo, ha trabajado como consultor, ingeniero y desarrollador en proyectos de energ\u00edas renovables, de cogeneraci\u00f3n, energ\u00eda distrital y de eficiencia energ\u00e9tica, d\u00e1ndole una visi\u00f3n amplia de las posibilidades que ofrecen los mercados tecnol\u00f3gicos para un abastecimiento sostenible de energ\u00eda.<\/p>\n","protected":false},"excerpt":{"rendered":"<p>Sebasti\u00e1n Rivera es ingeniero Civil titulado de la Faculta de Ciencias F\u00edsicas y Matem\u00e1ticas de la Universidad de Chile. Con m\u00e1s de 20 a\u00f1os de experiencia, ha trabajado en Chile y Alemania en consultor\u00eda estrat\u00e9gica en distintas \u00e1reas y mercados de las energ\u00edas renovables y eficiencia energ\u00e9tica, atendiendo grandes clientes del sector privado e institucionales. &hellip; <\/p>\n<p class=\"link-more\"><a href=\"https:\/\/enersos.cl\/index.php\/equipo\/\" class=\"more-link\">Continua leyendo<span class=\"screen-reader-text\"> &#8220;Equipo&#8221;<\/span><\/a><\/p>\n","protected":false},"author":1,"featured_media":127,"parent":0,"menu_order":0,"comment_status":"closed","ping_status":"closed","template":"","meta":{"footnotes":""},"class_list":["post-43","page","type-page","status-publish","has-post-thumbnail","hentry"],"_links":{"self":[{"href":"https:\/\/enersos.cl\/index.php\/wp-json\/wp\/v2\/pages\/43","targetHints":{"allow":["GET"]}}],"collection":[{"href":"https:\/\/enersos.cl\/index.php\/wp-json\/wp\/v2\/pages"}],"about":[{"href":"https:\/\/enersos.cl\/index.php\/wp-json\/wp\/v2\/types\/page"}],"author":[{"embeddable":true,"href":"https:\/\/enersos.cl\/index.php\/wp-json\/wp\/v2\/users\/1"}],"replies":[{"embeddable":true,"href":"https:\/\/enersos.cl\/index.php\/wp-json\/wp\/v2\/comments?post=43"}],"version-history":[{"count":7,"href":"https:\/\/enersos.cl\/index.php\/wp-json\/wp\/v2\/pages\/43\/revisions"}],"predecessor-version":[{"id":257,"href":"https:\/\/enersos.cl\/index.php\/wp-json\/wp\/v2\/pages\/43\/revisions\/257"}],"wp:featuredmedia":[{"embeddable":true,"href":"https:\/\/enersos.cl\/index.php\/wp-json\/wp\/v2\/media\/127"}],"wp:attachment":[{"href":"https:\/\/enersos.cl\/index.php\/wp-json\/wp\/v2\/media?parent=43"}],"curies":[{"name":"wp","href":"https:\/\/api.w.org\/{rel}","templated":true}]}}