{"id":45,"date":"2020-09-15T22:08:03","date_gmt":"2020-09-16T02:08:03","guid":{"rendered":"https:\/\/enersos.cl\/?page_id=45"},"modified":"2020-12-10T20:10:09","modified_gmt":"2020-12-11T00:10:09","slug":"servicios","status":"publish","type":"page","link":"https:\/\/enersos.cl\/index.php\/servicios\/","title":{"rendered":"Servicios"},"content":{"rendered":"\n<div class=\"wp-block-image is-style-default\"><figure class=\"alignright size-large is-resized\"><img loading=\"lazy\" decoding=\"async\" src=\"https:\/\/enersos.cl\/wp-content\/uploads\/2020\/10\/BiomassConveyorECONCERN-1-edited.jpg\" alt=\"\" class=\"wp-image-175\" width=\"172\" height=\"229\" srcset=\"https:\/\/enersos.cl\/wp-content\/uploads\/2020\/10\/BiomassConveyorECONCERN-1-edited.jpg 992w, https:\/\/enersos.cl\/wp-content\/uploads\/2020\/10\/BiomassConveyorECONCERN-1-edited-225x300.jpg 225w, https:\/\/enersos.cl\/wp-content\/uploads\/2020\/10\/BiomassConveyorECONCERN-1-edited-768x1023.jpg 768w\" sizes=\"auto, (max-width: 172px) 100vw, 172px\" \/><\/figure><\/div>\n\n\n\n<p style=\"font-size:14px\"><strong>Enersos<\/strong> ofrece servicios de consultor\u00eda e ingenier\u00eda para distintos tipos de clientes, como grandes usuarios de energ\u00eda (industria y comercio) y desarrolladores de proyectos de energ\u00edas renovables.<\/p>\n\n\n\n<p style=\"font-size:14px\">En el \u00e1rea de consultor\u00eda estrat\u00e9gica, ofrecemos servicios para grandes clientes, inversionistas , instituciones y centros de investigaci\u00f3n.<\/p>\n\n\n\n<p style=\"font-size:14px\">Basamos nuestros servicios en la experiencia, innovaci\u00f3n e idependencia de proveedores tecnol\u00f3gicos.<\/p>\n\n\n\n<p><\/p>\n\n\n\n<div class=\"wp-block-columns is-layout-flex wp-container-core-columns-is-layout-9d6595d7 wp-block-columns-is-layout-flex\">\n<div class=\"wp-block-column is-layout-flow wp-block-column-is-layout-flow\">\n<p><strong>Estrat\u00e9gia Energ\u00e9tica<\/strong><\/p>\n\n\n\n<p class=\"has-small-font-size\">Las empresas de la industria y el comercio se enfrentan a numerosas alternativas para solucionar sus problemas de abastecimiento y de costos energ\u00e9ticos<\/p>\n\n\n\n<p style=\"font-size:14px\"><strong>\u00bfQu\u00e9 alternativa es la m\u00e1s conveniente para mi abastecimiento energ\u00e9tico?<\/strong><\/p>\n\n\n\n<ul class=\"has-cyan-bluish-gray-color has-text-color wp-block-list\"><li><strong>FOTOVOLTAICA<\/strong><\/li><li><strong>BIOMASA \/ BIOGAS<\/strong><\/li><li><strong>COGENERACI\u00d3N<\/strong><\/li><li><strong>ENERG\u00cdA DISTRITAL<\/strong><\/li><\/ul>\n\n\n\n<p style=\"font-size:14px\"><strong>\u00bfQu\u00e9 modelo de negocio es el que m\u00e1s me conviene?<\/strong><\/p>\n\n\n\n<p class=\"has-small-font-size\">En <strong><strong>Enersos<\/strong><\/strong> conocemos diversas alternativas comercialmente disponibles, investigamos alternativas innovadoras o en proceso de desarrollo y analizamos las necesidades del cliente, as\u00ed como los distintos mercados energ\u00e9ticos para elegir la mejor soluci\u00f3n.<\/p>\n<\/div>\n\n\n\n<div class=\"wp-block-column is-layout-flow wp-block-column-is-layout-flow\">\n<p><strong>Eficiencia Energ\u00e9tica<\/strong><\/p>\n\n\n\n<p class=\"has-small-font-size\">La energ\u00eda m\u00e1s barata es la que no se usa.<\/p>\n\n\n\n<p class=\"has-small-font-size\">En <strong>Enersos<\/strong> analizamos los potenciales de ahorro energ\u00e9tico y ahorro de costos que presentan los usuarios, para recomendar medidas de eficiencia energ\u00e9tica que logren un ahorro de costos y ventajas comparativas, as\u00ed como en un aumento de competitividad del cliente.<\/p>\n\n\n\n<p class=\"has-small-font-size\"><p class=\"has-small-font-size\" =\"\">As\u00ed mismo, en un mercado cada vez m\u00e1s competitivo, podemos, utilizando nuestra experiencia en mercados en el extranjero,&nbsp; asesorar en la creaci\u00f3n de alternativas de servicio para empresas distribuidoras, de manera de enfrentar la creciente competencia frente a las generadoras por los clientes libres<\/p><\/p>\n<\/div>\n\n\n\n<div class=\"wp-block-column is-layout-flow wp-block-column-is-layout-flow\">\n<p><strong>ERNC y Cogeneraci\u00f3n<\/strong><\/p>\n\n\n\n<p class=\"has-small-font-size\">El desarrollo de proyectos de generaci\u00f3n el\u00e9ctrica requiere de un an\u00e1lisis acucioso de las condiciones t\u00e9cnicas, de mercado, de recurso y ambientales en que se enmarca. As\u00ed mismo, se requiere de conocimientos en las gesti\u00f3n de actividades para lograr los hitos importantes, como cierre de contratos, aprobaciones de permisos, etc.<\/p>\n\n\n\n<p class=\"has-small-font-size\">En <strong>Enersos <\/strong>ofrecemos una amplia experiencia en gesti\u00f3n y desarrollo de proyectos, tanto de energ\u00edas renovables (biomasa, biog\u00e1s, fotovoltaica, e\u00f3lica) como de cogeneraci\u00f3n eficiente (tanto con energ\u00edas renovables, como de cogeneraci\u00f3n eficiente.<\/p>\n<\/div>\n<\/div>\n\n\n\n<p><\/p>\n","protected":false},"excerpt":{"rendered":"<p>Enersos ofrece servicios de consultor\u00eda e ingenier\u00eda para distintos tipos de clientes, como grandes usuarios de energ\u00eda (industria y comercio) y desarrolladores de proyectos de energ\u00edas renovables. En el \u00e1rea de consultor\u00eda estrat\u00e9gica, ofrecemos servicios para grandes clientes, inversionistas , instituciones y centros de investigaci\u00f3n. Basamos nuestros servicios en la experiencia, innovaci\u00f3n e idependencia de &hellip; <\/p>\n<p class=\"link-more\"><a href=\"https:\/\/enersos.cl\/index.php\/servicios\/\" class=\"more-link\">Continua leyendo<span class=\"screen-reader-text\"> &#8220;Servicios&#8221;<\/span><\/a><\/p>\n","protected":false},"author":1,"featured_media":130,"parent":0,"menu_order":0,"comment_status":"closed","ping_status":"closed","template":"","meta":{"footnotes":""},"class_list":["post-45","page","type-page","status-publish","has-post-thumbnail","hentry"],"_links":{"self":[{"href":"https:\/\/enersos.cl\/index.php\/wp-json\/wp\/v2\/pages\/45","targetHints":{"allow":["GET"]}}],"collection":[{"href":"https:\/\/enersos.cl\/index.php\/wp-json\/wp\/v2\/pages"}],"about":[{"href":"https:\/\/enersos.cl\/index.php\/wp-json\/wp\/v2\/types\/page"}],"author":[{"embeddable":true,"href":"https:\/\/enersos.cl\/index.php\/wp-json\/wp\/v2\/users\/1"}],"replies":[{"embeddable":true,"href":"https:\/\/enersos.cl\/index.php\/wp-json\/wp\/v2\/comments?post=45"}],"version-history":[{"count":17,"href":"https:\/\/enersos.cl\/index.php\/wp-json\/wp\/v2\/pages\/45\/revisions"}],"predecessor-version":[{"id":229,"href":"https:\/\/enersos.cl\/index.php\/wp-json\/wp\/v2\/pages\/45\/revisions\/229"}],"wp:featuredmedia":[{"embeddable":true,"href":"https:\/\/enersos.cl\/index.php\/wp-json\/wp\/v2\/media\/130"}],"wp:attachment":[{"href":"https:\/\/enersos.cl\/index.php\/wp-json\/wp\/v2\/media?parent=45"}],"curies":[{"name":"wp","href":"https:\/\/api.w.org\/{rel}","templated":true}]}}